{"id":6869,"date":"2022-12-14T11:16:52","date_gmt":"2022-12-14T10:16:52","guid":{"rendered":"https:\/\/dura-teak.com\/cookie-policy-eu\/"},"modified":"2022-12-14T11:16:52","modified_gmt":"2022-12-14T10:16:52","slug":"cookie-policy-eu","status":"publish","type":"page","link":"https:\/\/dura-teak.com\/hr\/cookie-policy-eu\/","title":{"rendered":"Pravila o kola\u010di\u0107ima (EU)"},"content":{"rendered":"<!-- Legal document generated by Complianz | GDPR\/CCPA Cookie Consent https:\/\/wordpress.org\/plugins\/complianz-gdpr -->\n<div id=\"cmplz-document\" class=\"cmplz-document cookie-statement cmplz-document-eu\"><p><i>This Cookie Policy was last updated on 14. prosinac 2022 and applies to citizens and legal permanent residents of the European Economic Area and Switzerland<\/i><br><\/p><h2>1. Uvod<\/h2><p>Na\u0161a web stranica, <a href=\"https:\/\/dura-teak.com\/hr\">https:\/\/dura-teak.com\/hr<\/a> (u daljnjem tekstu: \"web stranica\") koristi kola\u010di\u0107e i druge srodne tehnologije (radi prakti\u010dnosti sve se tehnologije nazivaju \"kola\u010di\u0107i\"). Kola\u010di\u0107e postavljaju i tre\u0107e strane koje smo anga\u017eirali. U donjem dokumentu obavje\u0161tavamo vas o kori\u0161tenju kola\u010di\u0107a na na\u0161oj web stranici.<\/p><h2>2. \u0160to su kola\u010di\u0107i?<\/h2><p>Kola\u010di\u0107 je mala jednostavna datoteka koja se \u0161alje zajedno sa stranicama ove web stranice i koju va\u0161 preglednik pohranjuje na tvrdi disk va\u0161eg ra\u010dunala ili drugog ure\u0111aja. Informacije pohranjene u njemu mogu se vratiti na\u0161im poslu\u017eiteljima ili poslu\u017eiteljima relevantnih tre\u0107ih strana tijekom sljede\u0107eg posjeta.<\/p><h2>3. \u0160to su skripte?<\/h2><p>Skripta je dio programskog koda koji se koristi za ispravno i interaktivno funkcioniranje na\u0161e web stranice. Ovaj se kod izvr\u0161ava na na\u0161em poslu\u017eitelju ili na va\u0161em ure\u0111aju.<\/p><h2>4. \u0160to je web-pratilica?<\/h2><p>Web-pratilica (ili piksel oznaka) je mali, nevidljivi dio teksta ili slike na web stranici koji se koristi za pra\u0107enje prometa na web stranici. Kako bi se to postiglo, razni podaci o vama pohranjuju se pomo\u0107u web-pratilica.<\/p><h2>5. Kola\u010di\u0107i<\/h2><p class=\"cmplz-subtitle\">5.1 Tehni\u010dki ili funkcionalni kola\u010di\u0107i<\/p><p>Neki kola\u010di\u0107i osiguravaju da odre\u0111eni dijelovi web stranice ispravno rade i da va\u0161e korisni\u010dke postavke ostanu poznate. Postavljanjem funkcionalnih kola\u010di\u0107a olak\u0161avamo vam posjet na\u0161oj web stranici. Na taj na\u010din ne morate ponovno unositi iste podatke prilikom posjeta na\u0161oj web stranici i, na primjer, artikli ostaju u va\u0161oj ko\u0161arici dok ne platite. Ove kola\u010di\u0107e mo\u017eemo postaviti bez va\u0161eg pristanka.<\/p><p class=\"cmplz-subtitle\">5.2 Statisti\u010dki kola\u010di\u0107i<\/p><p>Koristimo statisti\u010dke kola\u010di\u0107e kako bismo optimizirali korisni\u010dko iskustvo na web stranici. Pomo\u0107u ovih statisti\u010dkih kola\u010di\u0107a dobivamo uvid u kori\u0161tenje na\u0161e web stranice. Tra\u017eimo va\u0161e dopu\u0161tenje za postavljanje statisti\u010dkih kola\u010di\u0107a.<\/p><p class=\"cmplz-subtitle\">5.3 Marketin\u0161ki\/pra\u0107eni kola\u010di\u0107i<\/p><p>Marketin\u0161ki\/pra\u0107eni kola\u010di\u0107i su kola\u010di\u0107i ili bilo koji drugi oblik lokalne pohrane koji se koriste za stvaranje korisni\u010dkih profila za prikazivanje oglasa ili za pra\u0107enje korisnika na ovoj web stranici ili na nekoliko web stranica u sli\u010dne marketin\u0161ke svrhe.<\/p><h2>6. Postavljeni kola\u010di\u0107i<\/h2><div id=\"cmplz-cookies-overview\"><\/div><h2>7. Suglasnost<\/h2><p>Kada prvi put posjetite na\u0161u web stranicu, prikazat \u0107emo vam sko\u010dni prozor s obja\u0161njenjem o kola\u010di\u0107ima. \u010cim kliknete na &quot;Spremi postavke&quot;, pristajete na kori\u0161tenje kategorija kola\u010di\u0107a i dodataka koje ste odabrali u sko\u010dnom prozoru, kako je opisano u ovim Pravilima o kola\u010di\u0107ima. Kori\u0161tenje kola\u010di\u0107a mo\u017eete onemogu\u0107iti putem svog preglednika, ali imajte na umu da na\u0161a web stranica mo\u017eda vi\u0161e ne\u0107e ispravno raditi.<\/p><p class=\"cmplz-subtitle\">7.1 Upravljanje postavkama privole<\/p><div id=\"cmplz-manage-consent-container-nojavascript\">You have loaded the Cookie Policy without javascript support.&nbsp;On AMP, you can use the manage consent button on the bottom of the page.<\/div><div id=\"cmplz-manage-consent-container\" class=\"cmplz-manage-consent-container\"><\/div><h2>8. Omogu\u0107avanje\/onemogu\u0107avanje i brisanje kola\u010di\u0107a<\/h2><p>Pomo\u0107u internetskog preglednika mo\u017eete automatski ili ru\u010dno izbrisati kola\u010di\u0107e. Tako\u0111er mo\u017eete odrediti da se odre\u0111eni kola\u010di\u0107i ne smiju postavljati. Druga je mogu\u0107nost promijeniti postavke internetskog preglednika tako da primate poruku svaki put kada se postavi kola\u010di\u0107. Za vi\u0161e informacija o tim opcijama pogledajte upute u odjeljku Pomo\u0107 u svom pregledniku.<\/p><p>Imajte na umu da na\u0161a web stranica mo\u017eda ne\u0107e ispravno raditi ako su svi kola\u010di\u0107i onemogu\u0107eni. Ako izbri\u0161ete kola\u010di\u0107e u svom pregledniku, oni \u0107e se ponovno postaviti nakon va\u0161eg pristanka kada ponovno posjetite na\u0161u web stranicu.<\/p><h2>9. Va\u0161a prava u vezi s osobnim podacima<\/h2><p>Imate sljede\u0107a prava u vezi s va\u0161im osobnim podacima:<\/p><ul>\n                    <li>Imate pravo znati za\u0161to su va\u0161i osobni podaci potrebni, \u0161to \u0107e se s njima dogoditi i koliko dugo \u0107e se \u010duvati.<\/li>\n                    <li>Pravo pristupa: Imate pravo pristupa va\u0161im osobnim podacima koji su nam poznati.<\/li>\n                    <li>Pravo na ispravak: imate pravo dopuniti, ispraviti, izbrisati ili blokirati svoje osobne podatke kad god \u017eelite.<\/li>\n                    <li>Ako nam date privolu za obradu va\u0161ih podataka, imate pravo opozvati tu privolu i izbrisati svoje osobne podatke.<\/li>\n                    <li>Pravo na prijenos va\u0161ih podataka: imate pravo zatra\u017eiti sve svoje osobne podatke od kontrolora i prenijeti ih u cijelosti drugom kontroloru.<\/li>\n                    <li>Pravo na prigovor: mo\u017eete prigovoriti na obradu va\u0161ih podataka. To po\u0161tujemo, osim ako postoje opravdani razlozi za obradu.<\/li>\n                <\/ul><p>Za ostvarivanje ovih prava, molimo kontaktirajte nas. Molimo pogledajte kontakt podatke na dnu ove Politike kola\u010di\u0107a. Ako imate pritu\u017ebu na na\u010din na koji obra\u0111ujemo va\u0161e podatke, voljeli bismo \u010duti od vas, ali tako\u0111er imate pravo podnijeti pritu\u017ebu nadzornom tijelu (Agenciji za za\u0161titu podataka).<\/p><h2>10. Kontaktni podaci<\/h2><p>Za pitanja i\/ili komentare o na\u0161oj Politici kola\u010di\u0107a i ovoj izjavi, molimo kontaktirajte nas putem sljede\u0107ih kontaktnih podataka:<\/p><p>Shrinktech d.o.o.<br>\n                    Hradn\u00e1 3, 945 01 Kom\u00e1rno<br>\n                    Slova\u010dka<br>\n                    Web stranica: <a href=\"https:\/\/dura-teak.com\/hr\">https:\/\/dura-teak.com\/hr<\/a> <br>\n                    E-po\u0161ta: <span class=\"cmplz-obfuscate\">moc&#x2e;&#107;ae&#116;-arud&#x40;ofn&#105;<\/span> <br>\n                    <\/p><p>Ova Pravila o kola\u010di\u0107ima sinkronizirana su s <a href=\"https:\/\/cookiedatabase.org\/\" target=\"_blank\">baza_kola\u010di\u0107a.org<\/a> on 22. travanj 2026<\/p><\/div>","protected":false},"excerpt":{"rendered":"","protected":false},"author":1,"featured_media":0,"parent":0,"menu_order":0,"comment_status":"closed","ping_status":"closed","template":"","meta":{"footnotes":""},"class_list":["post-6869","page","type-page","status-publish","hentry"],"yoast_head":"<!-- This site is optimized with the Yoast SEO plugin v27.4 - https:\/\/yoast.com\/product\/yoast-seo-wordpress\/ -->\n<title>Cookie Policy (EU) - Dura Teak<\/title>\n<meta name=\"robots\" content=\"index, follow, max-snippet:-1, max-image-preview:large, max-video-preview:-1\" \/>\n<link rel=\"canonical\" href=\"https:\/\/dura-teak.com\/hr\/cookie-policy-eu\/\" \/>\n<meta property=\"og:locale\" content=\"hr_HR\" \/>\n<meta property=\"og:type\" content=\"article\" \/>\n<meta property=\"og:title\" content=\"Cookie Policy (EU) - Dura Teak\" \/>\n<meta property=\"og:url\" content=\"https:\/\/dura-teak.com\/hr\/cookie-policy-eu\/\" \/>\n<meta property=\"og:site_name\" content=\"Dura Teak\" \/>\n<meta name=\"twitter:card\" content=\"summary_large_image\" \/>\n<script type=\"application\/ld+json\" class=\"yoast-schema-graph\">{\"@context\":\"https:\\\/\\\/schema.org\",\"@graph\":[{\"@type\":\"WebPage\",\"@id\":\"https:\\\/\\\/dura-teak.com\\\/cookie-policy-eu\\\/\",\"url\":\"https:\\\/\\\/dura-teak.com\\\/cookie-policy-eu\\\/\",\"name\":\"Cookie Policy (EU) - Dura Teak\",\"isPartOf\":{\"@id\":\"https:\\\/\\\/dura-teak.com\\\/#website\"},\"datePublished\":\"2022-12-14T10:16:52+00:00\",\"breadcrumb\":{\"@id\":\"https:\\\/\\\/dura-teak.com\\\/cookie-policy-eu\\\/#breadcrumb\"},\"inLanguage\":\"hr\",\"potentialAction\":[{\"@type\":\"ReadAction\",\"target\":[\"https:\\\/\\\/dura-teak.com\\\/cookie-policy-eu\\\/\"]}]},{\"@type\":\"BreadcrumbList\",\"@id\":\"https:\\\/\\\/dura-teak.com\\\/cookie-policy-eu\\\/#breadcrumb\",\"itemListElement\":[{\"@type\":\"ListItem\",\"position\":1,\"name\":\"Home\",\"item\":\"https:\\\/\\\/dura-teak.com\\\/\"},{\"@type\":\"ListItem\",\"position\":2,\"name\":\"Cookie Policy (EU)\"}]},{\"@type\":\"WebSite\",\"@id\":\"https:\\\/\\\/dura-teak.com\\\/#website\",\"url\":\"https:\\\/\\\/dura-teak.com\\\/\",\"name\":\"Dura Teak\",\"description\":\"MOST AUTHENTIC TEAK ALTERNATIVE\",\"publisher\":{\"@id\":\"https:\\\/\\\/dura-teak.com\\\/#organization\"},\"potentialAction\":[{\"@type\":\"SearchAction\",\"target\":{\"@type\":\"EntryPoint\",\"urlTemplate\":\"https:\\\/\\\/dura-teak.com\\\/?s={search_term_string}\"},\"query-input\":{\"@type\":\"PropertyValueSpecification\",\"valueRequired\":true,\"valueName\":\"search_term_string\"}}],\"inLanguage\":\"hr\"},{\"@type\":\"Organization\",\"@id\":\"https:\\\/\\\/dura-teak.com\\\/#organization\",\"name\":\"Dura Teak\",\"url\":\"https:\\\/\\\/dura-teak.com\\\/\",\"logo\":{\"@type\":\"ImageObject\",\"inLanguage\":\"hr\",\"@id\":\"https:\\\/\\\/dura-teak.com\\\/#\\\/schema\\\/logo\\\/image\\\/\",\"url\":\"https:\\\/\\\/dura-teak.com\\\/wp-content\\\/uploads\\\/2022\\\/07\\\/logo-dura-teak_400.png\",\"contentUrl\":\"https:\\\/\\\/dura-teak.com\\\/wp-content\\\/uploads\\\/2022\\\/07\\\/logo-dura-teak_400.png\",\"width\":400,\"height\":231,\"caption\":\"Dura Teak\"},\"image\":{\"@id\":\"https:\\\/\\\/dura-teak.com\\\/#\\\/schema\\\/logo\\\/image\\\/\"},\"sameAs\":[\"https:\\\/\\\/www.linkedin.com\\\/company\\\/durateak\"]}]}<\/script>\n<!-- \/ Yoast SEO plugin. -->","yoast_head_json":{"title":"Cookie Policy (EU) - Dura Teak","robots":{"index":"index","follow":"follow","max-snippet":"max-snippet:-1","max-image-preview":"max-image-preview:large","max-video-preview":"max-video-preview:-1"},"canonical":"https:\/\/dura-teak.com\/hr\/cookie-policy-eu\/","og_locale":"hr_HR","og_type":"article","og_title":"Cookie Policy (EU) - Dura Teak","og_url":"https:\/\/dura-teak.com\/hr\/cookie-policy-eu\/","og_site_name":"Dura Teak","twitter_card":"summary_large_image","schema":{"@context":"https:\/\/schema.org","@graph":[{"@type":"WebPage","@id":"https:\/\/dura-teak.com\/cookie-policy-eu\/","url":"https:\/\/dura-teak.com\/cookie-policy-eu\/","name":"Cookie Policy (EU) - Dura Teak","isPartOf":{"@id":"https:\/\/dura-teak.com\/#website"},"datePublished":"2022-12-14T10:16:52+00:00","breadcrumb":{"@id":"https:\/\/dura-teak.com\/cookie-policy-eu\/#breadcrumb"},"inLanguage":"hr","potentialAction":[{"@type":"ReadAction","target":["https:\/\/dura-teak.com\/cookie-policy-eu\/"]}]},{"@type":"BreadcrumbList","@id":"https:\/\/dura-teak.com\/cookie-policy-eu\/#breadcrumb","itemListElement":[{"@type":"ListItem","position":1,"name":"Home","item":"https:\/\/dura-teak.com\/"},{"@type":"ListItem","position":2,"name":"Cookie Policy (EU)"}]},{"@type":"WebSite","@id":"https:\/\/dura-teak.com\/#website","url":"https:\/\/dura-teak.com\/","name":"Dura Teak","description":"NAJAUTENTI\u010cNIJA ALTERNATIVA TIKOVINI","publisher":{"@id":"https:\/\/dura-teak.com\/#organization"},"potentialAction":[{"@type":"SearchAction","target":{"@type":"EntryPoint","urlTemplate":"https:\/\/dura-teak.com\/?s={search_term_string}"},"query-input":{"@type":"PropertyValueSpecification","valueRequired":true,"valueName":"search_term_string"}}],"inLanguage":"hr"},{"@type":"Organization","@id":"https:\/\/dura-teak.com\/#organization","name":"Dura Teak","url":"https:\/\/dura-teak.com\/","logo":{"@type":"ImageObject","inLanguage":"hr","@id":"https:\/\/dura-teak.com\/#\/schema\/logo\/image\/","url":"https:\/\/dura-teak.com\/wp-content\/uploads\/2022\/07\/logo-dura-teak_400.png","contentUrl":"https:\/\/dura-teak.com\/wp-content\/uploads\/2022\/07\/logo-dura-teak_400.png","width":400,"height":231,"caption":"Dura Teak"},"image":{"@id":"https:\/\/dura-teak.com\/#\/schema\/logo\/image\/"},"sameAs":["https:\/\/www.linkedin.com\/company\/durateak"]}]}},"_links":{"self":[{"href":"https:\/\/dura-teak.com\/hr\/wp-json\/wp\/v2\/pages\/6869","targetHints":{"allow":["GET"]}}],"collection":[{"href":"https:\/\/dura-teak.com\/hr\/wp-json\/wp\/v2\/pages"}],"about":[{"href":"https:\/\/dura-teak.com\/hr\/wp-json\/wp\/v2\/types\/page"}],"author":[{"embeddable":true,"href":"https:\/\/dura-teak.com\/hr\/wp-json\/wp\/v2\/users\/1"}],"replies":[{"embeddable":true,"href":"https:\/\/dura-teak.com\/hr\/wp-json\/wp\/v2\/comments?post=6869"}],"version-history":[{"count":0,"href":"https:\/\/dura-teak.com\/hr\/wp-json\/wp\/v2\/pages\/6869\/revisions"}],"wp:attachment":[{"href":"https:\/\/dura-teak.com\/hr\/wp-json\/wp\/v2\/media?parent=6869"}],"curies":[{"name":"radni list","href":"https:\/\/api.w.org\/{rel}","templated":true}]}}