{"id":6871,"date":"2022-12-14T11:16:52","date_gmt":"2022-12-14T10:16:52","guid":{"rendered":"https:\/\/dura-teak.com\/privacy-statement-eu\/"},"modified":"2022-12-14T11:16:52","modified_gmt":"2022-12-14T10:16:52","slug":"privacy-statement-eu","status":"publish","type":"page","link":"https:\/\/dura-teak.com\/hr\/privacy-statement-eu\/","title":{"rendered":"Izjava o privatnosti (EU)"},"content":{"rendered":"<!-- Legal document generated by Complianz | GDPR\/CCPA Cookie Consent https:\/\/wordpress.org\/plugins\/complianz-gdpr -->\n<div id=\"cmplz-document\" class=\"cmplz-document privacy-statement cmplz-document-eu\"><p><i>This privacy statement was last updated on 14. prosinac 2022 and applies to citizens and legal permanent residents of the European Economic Area and Switzerland.<\/i><br><br><\/p><p><p>U ovoj izjavi o privatnosti obja\u0161njavamo \u0161to radimo s podacima koje o vama prikupljamo putem <a href=\"https:\/\/dura-teak.com\/hr\">https:\/\/dura-teak.com\/hr<\/a>. Preporu\u010dujemo da pa\u017eljivo pro\u010ditate ovu izjavu. U na\u0161oj obradi podataka pridr\u017eavamo se zahtjeva zakonodavstva o privatnosti. To zna\u010di, izme\u0111u ostalog, da:<\/p><ul>\n                <li>jasno navodimo svrhe u koje obra\u0111ujemo osobne podatke. To \u010dinimo putem ove izjave o privatnosti;<\/li>\n                <li>cilj nam je ograni\u010diti prikupljanje osobnih podataka samo na one osobne podatke koji su potrebni za legitimne svrhe;<\/li>\n                <li>prvo tra\u017eimo va\u0161u izri\u010ditu privolu za obradu va\u0161ih osobnih podataka u slu\u010dajevima koji zahtijevaju va\u0161u privolu;<\/li>\n                <li>poduzimamo odgovaraju\u0107e sigurnosne mjere za za\u0161titu va\u0161ih osobnih podataka, a to zahtijevamo i od stranaka koje obra\u0111uju osobne podatke u na\u0161e ime;<\/li>\n                <li>Po\u0161tujemo va\u0161e pravo pristupa va\u0161im osobnim podacima ili na njihov ispravak ili brisanje, na va\u0161 zahtjev.<\/li>\n            <\/ul><p>Ako imate bilo kakvih pitanja ili \u017eelite znati koje to\u010dno podatke o vama \u010duvamo, molimo vas da nas kontaktirate.<\/p><\/p><h2>1. Svrha, podaci i razdoblje \u010duvanja<\/h2>Mo\u017eemo prikupljati ili primati osobne podatke u niz svrha povezanih s na\u0161im poslovnim operacijama, \u0161to mo\u017ee uklju\u010divati sljede\u0107e: (kliknite za pro\u0161irenje)<details class=\"cmplz-dropdown dropdown-privacy-statement\"><summary><div><h3>1.1 Kontakt - Putem telefona, po\u0161te, e-po\u0161te i\/ili web obrazaca<\/h3><\/div><\/summary><p class=\"cmplz-subtitle\">U tu svrhu koristimo sljede\u0107e podatke:<\/p><p><ul><li>Ime i prezime<\/li><li>Adresa e-po\u0161te<\/li><\/ul><\/p><p class=\"cmplz-subtitle\">Osnova na kojoj mo\u017eemo obra\u0111ivati ove podatke je:<\/p><p><a target=\"_blank\" rel=\"noopener noreferrer nofollow\" href=\"https:\/\/cookiedatabase.org\/legal-bases\/#consent\">Po davanju privole.<\/a><\/p><p class=\"cmplz-subtitle\">Razdoblje \u010duvanja<\/p><p>Ove podatke \u010duvamo do prekida usluge.<\/p><\/details><details class=\"cmplz-dropdown dropdown-privacy-statement\"><summary><div><h3>1.2 Kako bi se mogle ispuniti zakonske obveze<\/h3><\/div><\/summary><p class=\"cmplz-subtitle\">U tu svrhu koristimo sljede\u0107e podatke:<\/p><p><ul><li>Ime i prezime<\/li><li>Adresa e-po\u0161te<\/li><\/ul><\/p><p class=\"cmplz-subtitle\">Osnova na kojoj mo\u017eemo obra\u0111ivati ove podatke je:<\/p><p><a target=\"_blank\" rel=\"noopener noreferrer nofollow\" href=\"https:\/\/cookiedatabase.org\/legal-bases\/#consent\">Po davanju privole.<\/a><\/p><p class=\"cmplz-subtitle\">Razdoblje \u010duvanja<\/p><p>Ove podatke \u010duvamo do prekida usluge.<\/p><\/details><details class=\"cmplz-dropdown dropdown-privacy-statement\"><summary><div><h3>1.3 Prikupljanje i analiziranje statistike za pobolj\u0161anje web stranice.<\/h3><\/div><\/summary><p class=\"cmplz-subtitle\">U tu svrhu koristimo sljede\u0107e podatke:<\/p><p><ul><li>IP adresa<\/li><li>Podaci o internetskoj aktivnosti, uklju\u010duju\u0107i, ali ne ograni\u010davaju\u0107i se na, povijest pregledavanja, povijest pretra\u017eivanja i podatke o interakciji korisnika s internetskom web stranicom, aplikacijom ili oglasom<\/li><li>Podaci o geolokaciji<\/li><\/ul><\/p><p class=\"cmplz-subtitle\">Osnova na kojoj mo\u017eemo obra\u0111ivati ove podatke je:<\/p><p><a target=\"_blank\" rel=\"noopener noreferrer nofollow\" href=\"https:\/\/cookiedatabase.org\/legal-bases\/#consent\">Po davanju privole.<\/a><\/p><p class=\"cmplz-subtitle\">Razdoblje \u010duvanja<\/p><p>Ove podatke \u010duvamo do prekida usluge.<\/p><\/details><h2>2. Kola\u010di\u0107i<\/h2><p>Na\u0161a web stranica koristi kola\u010di\u0107e. Za vi\u0161e informacija o kola\u010di\u0107ima, molimo pogledajte na\u0161e <a href=\"https:\/\/dura-teak.com\/hr\/cookie-policy-eu\/\">Pravila o kola\u010di\u0107ima<\/a>.&nbsp;<\/p><h2>3. Praksa otkrivanja informacija<\/h2><p><p>Osobne podatke otkrivamo ako smo zakonski ili sudski obvezni, kao odgovor na zahtjev tijela za provo\u0111enje zakona, u mjeri u kojoj je to dopu\u0161teno drugim zakonskim odredbama, da pru\u017eimo informacije ili za istragu o pitanju vezanom uz javnu sigurnost.<\/p><p>Ako na\u0161a web stranica ili organizacija bude preuzeta, prodana ili uklju\u010dena u spajanje ili akviziciju, va\u0161i podaci mogu biti otkriveni na\u0161im savjetnicima i svim potencijalnim kupcima te \u0107e biti proslije\u0111eni novim vlasnicima.<\/p><\/p><p>Uklju\u010divanje punih IP adresa blokiramo.<\/p><h2>4. Sigurnost<\/h2><p>Posve\u0107eni smo sigurnosti osobnih podataka. Poduzimamo odgovaraju\u0107e sigurnosne mjere kako bismo ograni\u010dili zlouporabu i neovla\u0161teni pristup osobnim podacima. To osigurava da samo potrebne osobe imaju pristup va\u0161im podacima, da je pristup podacima za\u0161ti\u0107en i da se na\u0161e sigurnosne mjere redovito pregledavaju.<\/p><h2>5. Web-stranice tre\u0107ih strana<\/h2><p>Ova izjava o privatnosti ne odnosi se na web-stranice tre\u0107ih strana povezane poveznicama na na\u0161oj web-stranici. Ne mo\u017eemo jam\u010diti da te tre\u0107e strane obra\u0111uju va\u0161e osobne podatke na pouzdan ili siguran na\u010din. Preporu\u010dujemo da pro\u010ditate izjave o privatnosti tih web-stranica prije kori\u0161tenja tih web-stranica.<\/p><h2>6. Izmjene ove izjave o privatnosti<\/h2><p>Pridr\u017eavamo pravo izmjene ove izjave o privatnosti. Preporu\u010duje se da redovito konzultirate ovu izjavu o privatnosti kako biste bili svjesni svih promjena. Osim toga, aktivno \u0107emo vas obavje\u0161tavati gdje god je to mogu\u0107e.<\/p><h2>7. Pristup i izmjena va\u0161ih podataka<\/h2><p>Ako imate bilo kakvih pitanja ili \u017eelite znati koje osobne podatke imamo o vama, molimo vas da nas kontaktirate. Mo\u017eete nas kontaktirati koriste\u0107i dolje navedene podatke. Imate sljede\u0107a prava:<\/p><ul>\n                <li>Imate pravo znati za\u0161to su va\u0161i osobni podaci potrebni, \u0161to \u0107e se s njima dogoditi i koliko dugo \u0107e se \u010duvati.<\/li>\n                <li>Pravo pristupa: Imate pravo pristupa va\u0161im osobnim podacima koji su nam poznati.<\/li>\n                <li>Pravo na ispravak: imate pravo dopuniti, ispraviti, izbrisati ili blokirati svoje osobne podatke kad god \u017eelite.<\/li>\n                <li>Ako nam date privolu za obradu va\u0161ih podataka, imate pravo opozvati tu privolu i izbrisati svoje osobne podatke.<\/li>\n                <li>Pravo na prijenos va\u0161ih podataka: imate pravo zatra\u017eiti sve svoje osobne podatke od kontrolora i prenijeti ih u cijelosti drugom kontroloru.<\/li>\n                <li>Pravo na prigovor: mo\u017eete prigovoriti na obradu va\u0161ih podataka. To po\u0161tujemo, osim ako postoje opravdani razlozi za obradu.<\/li>\n            <\/ul><p>Molimo vas da uvijek jasno navedete tko ste, kako bismo bili sigurni da ne\u0107emo mijenjati ili brisati podatke pogre\u0161ne osobe.<\/p><h2>8. Podno\u0161enje pritu\u017ebe<\/h2><p>Ako niste zadovoljni na\u010dinom na koji postupamo s (pritu\u017ebom na) obradu va\u0161ih osobnih podataka, imate pravo podnijeti pritu\u017ebu Agenciji za za\u0161titu podataka.<\/p><h2>9. Kontaktni podaci<\/h2><p>Shrinktech d.o.o.<br>\n        Hradn\u00e1 3, 945 01 Kom\u00e1rno<br>\n        Slova\u010dka<br>\n        Web stranica: <a href=\"https:\/\/dura-teak.com\/hr\">https:\/\/dura-teak.com\/hr<\/a> <br>\n        E-po\u0161ta: <span class=\"cmplz-obfuscate\">moc&#x2e;k&#x61;&#x65;t-arud&#064;ofni<\/span> <br>\n        <\/p><\/div>","protected":false},"excerpt":{"rendered":"","protected":false},"author":1,"featured_media":0,"parent":0,"menu_order":0,"comment_status":"closed","ping_status":"closed","template":"","meta":{"footnotes":""},"class_list":["post-6871","page","type-page","status-publish","hentry"],"yoast_head":"<!-- This site is optimized with the Yoast SEO plugin v27.4 - https:\/\/yoast.com\/product\/yoast-seo-wordpress\/ -->\n<title>Privacy Statement (EU) - Dura Teak<\/title>\n<meta name=\"robots\" content=\"index, follow, max-snippet:-1, max-image-preview:large, max-video-preview:-1\" \/>\n<link rel=\"canonical\" href=\"https:\/\/dura-teak.com\/hr\/privacy-statement-eu\/\" \/>\n<meta property=\"og:locale\" content=\"hr_HR\" \/>\n<meta property=\"og:type\" content=\"article\" \/>\n<meta property=\"og:title\" content=\"Privacy Statement (EU) - Dura Teak\" \/>\n<meta property=\"og:url\" content=\"https:\/\/dura-teak.com\/hr\/privacy-statement-eu\/\" \/>\n<meta property=\"og:site_name\" content=\"Dura Teak\" \/>\n<meta name=\"twitter:card\" content=\"summary_large_image\" \/>\n<script type=\"application\/ld+json\" class=\"yoast-schema-graph\">{\"@context\":\"https:\\\/\\\/schema.org\",\"@graph\":[{\"@type\":\"WebPage\",\"@id\":\"https:\\\/\\\/dura-teak.com\\\/privacy-statement-eu\\\/\",\"url\":\"https:\\\/\\\/dura-teak.com\\\/privacy-statement-eu\\\/\",\"name\":\"Privacy Statement (EU) - Dura Teak\",\"isPartOf\":{\"@id\":\"https:\\\/\\\/dura-teak.com\\\/#website\"},\"datePublished\":\"2022-12-14T10:16:52+00:00\",\"breadcrumb\":{\"@id\":\"https:\\\/\\\/dura-teak.com\\\/privacy-statement-eu\\\/#breadcrumb\"},\"inLanguage\":\"hr\",\"potentialAction\":[{\"@type\":\"ReadAction\",\"target\":[\"https:\\\/\\\/dura-teak.com\\\/privacy-statement-eu\\\/\"]}]},{\"@type\":\"BreadcrumbList\",\"@id\":\"https:\\\/\\\/dura-teak.com\\\/privacy-statement-eu\\\/#breadcrumb\",\"itemListElement\":[{\"@type\":\"ListItem\",\"position\":1,\"name\":\"Home\",\"item\":\"https:\\\/\\\/dura-teak.com\\\/\"},{\"@type\":\"ListItem\",\"position\":2,\"name\":\"Privacy Statement (EU)\"}]},{\"@type\":\"WebSite\",\"@id\":\"https:\\\/\\\/dura-teak.com\\\/#website\",\"url\":\"https:\\\/\\\/dura-teak.com\\\/\",\"name\":\"Dura Teak\",\"description\":\"MOST AUTHENTIC TEAK ALTERNATIVE\",\"publisher\":{\"@id\":\"https:\\\/\\\/dura-teak.com\\\/#organization\"},\"potentialAction\":[{\"@type\":\"SearchAction\",\"target\":{\"@type\":\"EntryPoint\",\"urlTemplate\":\"https:\\\/\\\/dura-teak.com\\\/?s={search_term_string}\"},\"query-input\":{\"@type\":\"PropertyValueSpecification\",\"valueRequired\":true,\"valueName\":\"search_term_string\"}}],\"inLanguage\":\"hr\"},{\"@type\":\"Organization\",\"@id\":\"https:\\\/\\\/dura-teak.com\\\/#organization\",\"name\":\"Dura Teak\",\"url\":\"https:\\\/\\\/dura-teak.com\\\/\",\"logo\":{\"@type\":\"ImageObject\",\"inLanguage\":\"hr\",\"@id\":\"https:\\\/\\\/dura-teak.com\\\/#\\\/schema\\\/logo\\\/image\\\/\",\"url\":\"https:\\\/\\\/dura-teak.com\\\/wp-content\\\/uploads\\\/2022\\\/07\\\/logo-dura-teak_400.png\",\"contentUrl\":\"https:\\\/\\\/dura-teak.com\\\/wp-content\\\/uploads\\\/2022\\\/07\\\/logo-dura-teak_400.png\",\"width\":400,\"height\":231,\"caption\":\"Dura Teak\"},\"image\":{\"@id\":\"https:\\\/\\\/dura-teak.com\\\/#\\\/schema\\\/logo\\\/image\\\/\"},\"sameAs\":[\"https:\\\/\\\/www.linkedin.com\\\/company\\\/durateak\"]}]}<\/script>\n<!-- \/ Yoast SEO plugin. -->","yoast_head_json":{"title":"Privacy Statement (EU) - Dura Teak","robots":{"index":"index","follow":"follow","max-snippet":"max-snippet:-1","max-image-preview":"max-image-preview:large","max-video-preview":"max-video-preview:-1"},"canonical":"https:\/\/dura-teak.com\/hr\/privacy-statement-eu\/","og_locale":"hr_HR","og_type":"article","og_title":"Privacy Statement (EU) - Dura Teak","og_url":"https:\/\/dura-teak.com\/hr\/privacy-statement-eu\/","og_site_name":"Dura Teak","twitter_card":"summary_large_image","schema":{"@context":"https:\/\/schema.org","@graph":[{"@type":"WebPage","@id":"https:\/\/dura-teak.com\/privacy-statement-eu\/","url":"https:\/\/dura-teak.com\/privacy-statement-eu\/","name":"Privacy Statement (EU) - Dura Teak","isPartOf":{"@id":"https:\/\/dura-teak.com\/#website"},"datePublished":"2022-12-14T10:16:52+00:00","breadcrumb":{"@id":"https:\/\/dura-teak.com\/privacy-statement-eu\/#breadcrumb"},"inLanguage":"hr","potentialAction":[{"@type":"ReadAction","target":["https:\/\/dura-teak.com\/privacy-statement-eu\/"]}]},{"@type":"BreadcrumbList","@id":"https:\/\/dura-teak.com\/privacy-statement-eu\/#breadcrumb","itemListElement":[{"@type":"ListItem","position":1,"name":"Home","item":"https:\/\/dura-teak.com\/"},{"@type":"ListItem","position":2,"name":"Privacy Statement (EU)"}]},{"@type":"WebSite","@id":"https:\/\/dura-teak.com\/#website","url":"https:\/\/dura-teak.com\/","name":"Dura Teak","description":"NAJAUTENTI\u010cNIJA ALTERNATIVA TIKOVINI","publisher":{"@id":"https:\/\/dura-teak.com\/#organization"},"potentialAction":[{"@type":"SearchAction","target":{"@type":"EntryPoint","urlTemplate":"https:\/\/dura-teak.com\/?s={search_term_string}"},"query-input":{"@type":"PropertyValueSpecification","valueRequired":true,"valueName":"search_term_string"}}],"inLanguage":"hr"},{"@type":"Organization","@id":"https:\/\/dura-teak.com\/#organization","name":"Dura Teak","url":"https:\/\/dura-teak.com\/","logo":{"@type":"ImageObject","inLanguage":"hr","@id":"https:\/\/dura-teak.com\/#\/schema\/logo\/image\/","url":"https:\/\/dura-teak.com\/wp-content\/uploads\/2022\/07\/logo-dura-teak_400.png","contentUrl":"https:\/\/dura-teak.com\/wp-content\/uploads\/2022\/07\/logo-dura-teak_400.png","width":400,"height":231,"caption":"Dura Teak"},"image":{"@id":"https:\/\/dura-teak.com\/#\/schema\/logo\/image\/"},"sameAs":["https:\/\/www.linkedin.com\/company\/durateak"]}]}},"_links":{"self":[{"href":"https:\/\/dura-teak.com\/hr\/wp-json\/wp\/v2\/pages\/6871","targetHints":{"allow":["GET"]}}],"collection":[{"href":"https:\/\/dura-teak.com\/hr\/wp-json\/wp\/v2\/pages"}],"about":[{"href":"https:\/\/dura-teak.com\/hr\/wp-json\/wp\/v2\/types\/page"}],"author":[{"embeddable":true,"href":"https:\/\/dura-teak.com\/hr\/wp-json\/wp\/v2\/users\/1"}],"replies":[{"embeddable":true,"href":"https:\/\/dura-teak.com\/hr\/wp-json\/wp\/v2\/comments?post=6871"}],"version-history":[{"count":0,"href":"https:\/\/dura-teak.com\/hr\/wp-json\/wp\/v2\/pages\/6871\/revisions"}],"wp:attachment":[{"href":"https:\/\/dura-teak.com\/hr\/wp-json\/wp\/v2\/media?parent=6871"}],"curies":[{"name":"radni list","href":"https:\/\/api.w.org\/{rel}","templated":true}]}}