{"id":6869,"date":"2022-12-14T11:16:52","date_gmt":"2022-12-14T10:16:52","guid":{"rendered":"https:\/\/dura-teak.com\/cookie-policy-eu\/"},"modified":"2022-12-14T11:16:52","modified_gmt":"2022-12-14T10:16:52","slug":"cookie-policy-eu","status":"publish","type":"page","link":"https:\/\/dura-teak.com\/pl\/cookie-policy-eu\/","title":{"rendered":"Polityka dotycz\u0105ca plik\u00f3w cookie (UE)"},"content":{"rendered":"<!-- Legal document generated by Complianz | GDPR\/CCPA Cookie Consent https:\/\/wordpress.org\/plugins\/complianz-gdpr -->\n<div id=\"cmplz-document\" class=\"cmplz-document cookie-statement cmplz-document-eu\"><p><i>This Cookie Policy was last updated on 14. grudzie\u0144 2022 and applies to citizens and legal permanent residents of the European Economic Area and Switzerland<\/i><br><\/p><h2>1. Wprowadzenie<\/h2><p>Nasza strona internetowa, <a href=\"https:\/\/dura-teak.com\/pl\">https:\/\/dura-teak.com\/pl<\/a> (dalej: \"strona internetowa\") wykorzystuje pliki cookie i inne powi\u0105zane technologie (dla wygody wszystkie technologie s\u0105 okre\u015blane jako \"pliki cookie\"). Pliki cookie s\u0105 r\u00f3wnie\u017c umieszczane przez zaanga\u017cowane przez nas strony trzecie. W poni\u017cszym dokumencie informujemy o korzystaniu z plik\u00f3w cookie na naszej stronie internetowej.<\/p><h2>2. Czym s\u0105 pliki cookie?<\/h2><p>Plik cookie to ma\u0142y, prosty plik, kt\u00f3ry jest wysy\u0142any wraz ze stronami tej witryny i przechowywany przez przegl\u0105dark\u0119 na dysku twardym komputera lub innego urz\u0105dzenia. Przechowywane w nim informacje mog\u0105 zosta\u0107 zwr\u00f3cone na nasze serwery lub serwery odpowiednich stron trzecich podczas kolejnej wizyty.<\/p><h2>3. Czym s\u0105 skrypty?<\/h2><p>Skrypt to fragment kodu programu, kt\u00f3ry jest u\u017cywany do prawid\u0142owego i interaktywnego dzia\u0142ania naszej witryny. Kod ten jest wykonywany na naszym serwerze lub na urz\u0105dzeniu u\u017cytkownika.<\/p><h2>4. Co to jest sygnalizator internetowy?<\/h2><p>Web beacon (lub znacznik pikselowy) to ma\u0142y, niewidoczny fragment tekstu lub obrazu na stronie internetowej, kt\u00f3ry s\u0142u\u017cy do monitorowania ruchu na stronie internetowej. W tym celu r\u00f3\u017cne dane o u\u017cytkowniku s\u0105 przechowywane za pomoc\u0105 sygna\u0142\u00f3w nawigacyjnych.<\/p><h2>5. Pliki cookie<\/h2><p class=\"cmplz-subtitle\">5.1 Techniczne lub funkcjonalne pliki cookie<\/p><p>Niekt\u00f3re pliki cookie zapewniaj\u0105 prawid\u0142owe dzia\u0142anie niekt\u00f3rych cz\u0119\u015bci witryny internetowej i zachowanie preferencji u\u017cytkownika. Umieszczaj\u0105c funkcjonalne pliki cookie, u\u0142atwiamy odwiedzanie naszej witryny. W ten spos\u00f3b nie trzeba wielokrotnie wprowadza\u0107 tych samych informacji podczas odwiedzania naszej witryny, a na przyk\u0142ad produkty pozostaj\u0105 w koszyku do momentu zap\u0142aty. Mo\u017cemy umieszcza\u0107 te pliki cookie bez zgody u\u017cytkownika.<\/p><p class=\"cmplz-subtitle\">5.2 Statystyczne pliki cookie<\/p><p>U\u017cywamy statystycznych plik\u00f3w cookie, aby zoptymalizowa\u0107 korzystanie z witryny przez naszych u\u017cytkownik\u00f3w. Dzi\u0119ki tym statystycznym plikom cookie uzyskujemy wgl\u0105d w korzystanie z naszej witryny. Prosimy o zgod\u0119 na umieszczanie statystycznych plik\u00f3w cookie.<\/p><p class=\"cmplz-subtitle\">5.3 Marketingowe\/\u015bledz\u0105ce pliki cookie<\/p><p>Marketingowe\/\u015bledz\u0105ce pliki cookie to pliki cookie lub inne formy lokalnego przechowywania danych, wykorzystywane do tworzenia profili u\u017cytkownik\u00f3w w celu wy\u015bwietlania reklam lub \u015bledzenia u\u017cytkownika na tej stronie internetowej lub na kilku stronach internetowych w podobnych celach marketingowych.<\/p><h2>6. Umieszczone pliki cookie<\/h2><div id=\"cmplz-cookies-overview\"><\/div><h2>7. Zgoda<\/h2><p>Podczas pierwszej wizyty w naszej witrynie wy\u015bwietlone zostanie wyskakuj\u0105ce okienko z wyja\u015bnieniem dotycz\u0105cym plik\u00f3w cookie. Po klikni\u0119ciu przycisku \"Einstellungen speichern\" u\u017cytkownik wyra\u017ca zgod\u0119 na korzystanie przez nas z kategorii plik\u00f3w cookie i wtyczek wybranych w wyskakuj\u0105cym okienku, zgodnie z opisem w niniejszej Polityce dotycz\u0105cej plik\u00f3w cookie. Mo\u017cesz wy\u0142\u0105czy\u0107 korzystanie z plik\u00f3w cookie za pomoc\u0105 przegl\u0105darki, ale pami\u0119taj, \u017ce nasza witryna mo\u017ce nie dzia\u0142a\u0107 poprawnie.<\/p><p class=\"cmplz-subtitle\">7.1 Zarz\u0105dzanie ustawieniami zgody<\/p><div id=\"cmplz-manage-consent-container-nojavascript\">You have loaded the Cookie Policy without javascript support.&nbsp;On AMP, you can use the manage consent button on the bottom of the page.<\/div><div id=\"cmplz-manage-consent-container\" class=\"cmplz-manage-consent-container\"><\/div><h2>8. W\u0142\u0105czanie\/wy\u0142\u0105czanie i usuwanie plik\u00f3w cookie<\/h2><p>Za pomoc\u0105 przegl\u0105darki internetowej mo\u017cna automatycznie lub r\u0119cznie usuwa\u0107 pliki cookie. Mo\u017cna r\u00f3wnie\u017c okre\u015bli\u0107, \u017ce niekt\u00f3re pliki cookie nie mog\u0105 by\u0107 umieszczane. Inn\u0105 opcj\u0105 jest zmiana ustawie\u0144 przegl\u0105darki internetowej w taki spos\u00f3b, aby u\u017cytkownik otrzymywa\u0142 komunikat za ka\u017cdym razem, gdy plik cookie zostanie umieszczony. Aby uzyska\u0107 wi\u0119cej informacji na temat tych opcji, nale\u017cy zapozna\u0107 si\u0119 z instrukcjami w sekcji pomocy przegl\u0105darki.<\/p><p>Nale\u017cy pami\u0119ta\u0107, \u017ce nasza strona internetowa mo\u017ce nie dzia\u0142a\u0107 prawid\u0142owo, je\u015bli wszystkie pliki cookie s\u0105 wy\u0142\u0105czone. Je\u015bli u\u017cytkownik usunie pliki cookie w przegl\u0105darce, zostan\u0105 one ponownie umieszczone po wyra\u017ceniu zgody przez u\u017cytkownika podczas ponownej wizyty na naszych stronach internetowych.<\/p><h2>9. Prawa u\u017cytkownika w odniesieniu do danych osobowych<\/h2><p>U\u017cytkownikowi przys\u0142uguj\u0105 nast\u0119puj\u0105ce prawa w odniesieniu do jego danych osobowych:<\/p><ul>\n                    <li>U\u017cytkownik ma prawo wiedzie\u0107, dlaczego jego dane osobowe s\u0105 potrzebne, co si\u0119 z nimi stanie i jak d\u0142ugo b\u0119d\u0105 przechowywane.<\/li>\n                    <li>Prawo dost\u0119pu: U\u017cytkownik ma prawo dost\u0119pu do swoich danych osobowych, kt\u00f3re s\u0105 nam znane.<\/li>\n                    <li>Prawo do sprostowania: u\u017cytkownik ma prawo do uzupe\u0142nienia, poprawienia, usuni\u0119cia lub zablokowania swoich danych osobowych w dowolnym momencie.<\/li>\n                    <li>Je\u015bli u\u017cytkownik wyrazi zgod\u0119 na przetwarzanie swoich danych, ma prawo do cofni\u0119cia tej zgody i usuni\u0119cia swoich danych osobowych.<\/li>\n                    <li>Prawo do przenoszenia danych: u\u017cytkownik ma prawo za\u017c\u0105da\u0107 od administratora wszystkich swoich danych osobowych i przekaza\u0107 je w ca\u0142o\u015bci innemu administratorowi.<\/li>\n                    <li>Prawo do sprzeciwu: u\u017cytkownik mo\u017ce sprzeciwi\u0107 si\u0119 przetwarzaniu jego danych. Przestrzegamy tego, chyba \u017ce istniej\u0105 uzasadnione podstawy do przetwarzania.<\/li>\n                <\/ul><p>Aby skorzysta\u0107 z tych praw, nale\u017cy skontaktowa\u0107 si\u0119 z nami. Dane kontaktowe znajduj\u0105 si\u0119 na dole niniejszej Polityki dotycz\u0105cej plik\u00f3w cookie. Je\u015bli masz skarg\u0119 dotycz\u0105c\u0105 sposobu, w jaki obchodzimy si\u0119 z Twoimi danymi, chcieliby\u015bmy us\u0142ysze\u0107 od Ciebie, ale masz r\u00f3wnie\u017c prawo do z\u0142o\u017cenia skargi do organu nadzorczego (Urz\u0119du Ochrony Danych Osobowych).<\/p><h2>10. Dane kontaktowe<\/h2><p>W przypadku pyta\u0144 i\/lub komentarzy dotycz\u0105cych naszej Polityki plik\u00f3w cookie i niniejszego o\u015bwiadczenia, prosimy o kontakt z nami przy u\u017cyciu nast\u0119puj\u0105cych danych kontaktowych:<\/p><p>Shrinktech s.r.o.<br>\n                    Hradn\u00e1 3, 945 01 Kom\u00e1rno<br>\n                    S\u0142owacja<br>\n                    Strona internetowa: <a href=\"https:\/\/dura-teak.com\/pl\">https:\/\/dura-teak.com\/pl<\/a> <br>\n                    E-mail: <span class=\"cmplz-obfuscate\">mo&#099;&#046;&#x6b;aet-&#x61;ru&#x64;&#x40;o&#x66;&#x6e;i<\/span> <br>\n                    <\/p><p>Niniejsza Polityka dotycz\u0105ca plik\u00f3w cookie zosta\u0142a zsynchronizowana z <a href=\"https:\/\/cookiedatabase.org\/\" target=\"_blank\">cookiedatabase.org<\/a> on 22. kwiecie\u0144 2026<\/p><\/div>","protected":false},"excerpt":{"rendered":"","protected":false},"author":1,"featured_media":0,"parent":0,"menu_order":0,"comment_status":"closed","ping_status":"closed","template":"","meta":{"footnotes":""},"class_list":["post-6869","page","type-page","status-publish","hentry"],"yoast_head":"<!-- This site is optimized with the Yoast SEO plugin v27.4 - https:\/\/yoast.com\/product\/yoast-seo-wordpress\/ -->\n<title>Cookie Policy (EU) - Dura Teak<\/title>\n<meta name=\"robots\" content=\"index, follow, max-snippet:-1, max-image-preview:large, max-video-preview:-1\" \/>\n<link rel=\"canonical\" href=\"https:\/\/dura-teak.com\/pl\/cookie-policy-eu\/\" \/>\n<meta property=\"og:locale\" content=\"pl_PL\" \/>\n<meta property=\"og:type\" content=\"article\" \/>\n<meta property=\"og:title\" content=\"Cookie Policy (EU) - Dura Teak\" \/>\n<meta property=\"og:url\" content=\"https:\/\/dura-teak.com\/pl\/cookie-policy-eu\/\" \/>\n<meta property=\"og:site_name\" content=\"Dura Teak\" \/>\n<meta name=\"twitter:card\" content=\"summary_large_image\" \/>\n<script type=\"application\/ld+json\" class=\"yoast-schema-graph\">{\"@context\":\"https:\\\/\\\/schema.org\",\"@graph\":[{\"@type\":\"WebPage\",\"@id\":\"https:\\\/\\\/dura-teak.com\\\/cookie-policy-eu\\\/\",\"url\":\"https:\\\/\\\/dura-teak.com\\\/cookie-policy-eu\\\/\",\"name\":\"Cookie Policy (EU) - Dura Teak\",\"isPartOf\":{\"@id\":\"https:\\\/\\\/dura-teak.com\\\/#website\"},\"datePublished\":\"2022-12-14T10:16:52+00:00\",\"breadcrumb\":{\"@id\":\"https:\\\/\\\/dura-teak.com\\\/cookie-policy-eu\\\/#breadcrumb\"},\"inLanguage\":\"pl-PL\",\"potentialAction\":[{\"@type\":\"ReadAction\",\"target\":[\"https:\\\/\\\/dura-teak.com\\\/cookie-policy-eu\\\/\"]}]},{\"@type\":\"BreadcrumbList\",\"@id\":\"https:\\\/\\\/dura-teak.com\\\/cookie-policy-eu\\\/#breadcrumb\",\"itemListElement\":[{\"@type\":\"ListItem\",\"position\":1,\"name\":\"Home\",\"item\":\"https:\\\/\\\/dura-teak.com\\\/\"},{\"@type\":\"ListItem\",\"position\":2,\"name\":\"Cookie Policy (EU)\"}]},{\"@type\":\"WebSite\",\"@id\":\"https:\\\/\\\/dura-teak.com\\\/#website\",\"url\":\"https:\\\/\\\/dura-teak.com\\\/\",\"name\":\"Dura Teak\",\"description\":\"MOST AUTHENTIC TEAK ALTERNATIVE\",\"publisher\":{\"@id\":\"https:\\\/\\\/dura-teak.com\\\/#organization\"},\"potentialAction\":[{\"@type\":\"SearchAction\",\"target\":{\"@type\":\"EntryPoint\",\"urlTemplate\":\"https:\\\/\\\/dura-teak.com\\\/?s={search_term_string}\"},\"query-input\":{\"@type\":\"PropertyValueSpecification\",\"valueRequired\":true,\"valueName\":\"search_term_string\"}}],\"inLanguage\":\"pl-PL\"},{\"@type\":\"Organization\",\"@id\":\"https:\\\/\\\/dura-teak.com\\\/#organization\",\"name\":\"Dura Teak\",\"url\":\"https:\\\/\\\/dura-teak.com\\\/\",\"logo\":{\"@type\":\"ImageObject\",\"inLanguage\":\"pl-PL\",\"@id\":\"https:\\\/\\\/dura-teak.com\\\/#\\\/schema\\\/logo\\\/image\\\/\",\"url\":\"https:\\\/\\\/dura-teak.com\\\/wp-content\\\/uploads\\\/2022\\\/07\\\/logo-dura-teak_400.png\",\"contentUrl\":\"https:\\\/\\\/dura-teak.com\\\/wp-content\\\/uploads\\\/2022\\\/07\\\/logo-dura-teak_400.png\",\"width\":400,\"height\":231,\"caption\":\"Dura Teak\"},\"image\":{\"@id\":\"https:\\\/\\\/dura-teak.com\\\/#\\\/schema\\\/logo\\\/image\\\/\"},\"sameAs\":[\"https:\\\/\\\/www.linkedin.com\\\/company\\\/durateak\"]}]}<\/script>\n<!-- \/ Yoast SEO plugin. -->","yoast_head_json":{"title":"Cookie Policy (EU) - Dura Teak","robots":{"index":"index","follow":"follow","max-snippet":"max-snippet:-1","max-image-preview":"max-image-preview:large","max-video-preview":"max-video-preview:-1"},"canonical":"https:\/\/dura-teak.com\/pl\/cookie-policy-eu\/","og_locale":"pl_PL","og_type":"article","og_title":"Cookie Policy (EU) - Dura Teak","og_url":"https:\/\/dura-teak.com\/pl\/cookie-policy-eu\/","og_site_name":"Dura Teak","twitter_card":"summary_large_image","schema":{"@context":"https:\/\/schema.org","@graph":[{"@type":"WebPage","@id":"https:\/\/dura-teak.com\/cookie-policy-eu\/","url":"https:\/\/dura-teak.com\/cookie-policy-eu\/","name":"Cookie Policy (EU) - Dura Teak","isPartOf":{"@id":"https:\/\/dura-teak.com\/#website"},"datePublished":"2022-12-14T10:16:52+00:00","breadcrumb":{"@id":"https:\/\/dura-teak.com\/cookie-policy-eu\/#breadcrumb"},"inLanguage":"pl-PL","potentialAction":[{"@type":"ReadAction","target":["https:\/\/dura-teak.com\/cookie-policy-eu\/"]}]},{"@type":"BreadcrumbList","@id":"https:\/\/dura-teak.com\/cookie-policy-eu\/#breadcrumb","itemListElement":[{"@type":"ListItem","position":1,"name":"Home","item":"https:\/\/dura-teak.com\/"},{"@type":"ListItem","position":2,"name":"Cookie Policy (EU)"}]},{"@type":"WebSite","@id":"https:\/\/dura-teak.com\/#website","url":"https:\/\/dura-teak.com\/","name":"Dura Teak","description":"NAJBARDZIEJ AUTENTYCZNA ALTERNATYWA DLA DREWNA TEKOWEGO","publisher":{"@id":"https:\/\/dura-teak.com\/#organization"},"potentialAction":[{"@type":"SearchAction","target":{"@type":"EntryPoint","urlTemplate":"https:\/\/dura-teak.com\/?s={search_term_string}"},"query-input":{"@type":"PropertyValueSpecification","valueRequired":true,"valueName":"search_term_string"}}],"inLanguage":"pl-PL"},{"@type":"Organization","@id":"https:\/\/dura-teak.com\/#organization","name":"Dura Teak","url":"https:\/\/dura-teak.com\/","logo":{"@type":"ImageObject","inLanguage":"pl-PL","@id":"https:\/\/dura-teak.com\/#\/schema\/logo\/image\/","url":"https:\/\/dura-teak.com\/wp-content\/uploads\/2022\/07\/logo-dura-teak_400.png","contentUrl":"https:\/\/dura-teak.com\/wp-content\/uploads\/2022\/07\/logo-dura-teak_400.png","width":400,"height":231,"caption":"Dura Teak"},"image":{"@id":"https:\/\/dura-teak.com\/#\/schema\/logo\/image\/"},"sameAs":["https:\/\/www.linkedin.com\/company\/durateak"]}]}},"_links":{"self":[{"href":"https:\/\/dura-teak.com\/pl\/wp-json\/wp\/v2\/pages\/6869","targetHints":{"allow":["GET"]}}],"collection":[{"href":"https:\/\/dura-teak.com\/pl\/wp-json\/wp\/v2\/pages"}],"about":[{"href":"https:\/\/dura-teak.com\/pl\/wp-json\/wp\/v2\/types\/page"}],"author":[{"embeddable":true,"href":"https:\/\/dura-teak.com\/pl\/wp-json\/wp\/v2\/users\/1"}],"replies":[{"embeddable":true,"href":"https:\/\/dura-teak.com\/pl\/wp-json\/wp\/v2\/comments?post=6869"}],"version-history":[{"count":0,"href":"https:\/\/dura-teak.com\/pl\/wp-json\/wp\/v2\/pages\/6869\/revisions"}],"wp:attachment":[{"href":"https:\/\/dura-teak.com\/pl\/wp-json\/wp\/v2\/media?parent=6869"}],"curies":[{"name":"wp","href":"https:\/\/api.w.org\/{rel}","templated":true}]}}