{"id":6871,"date":"2022-12-14T11:16:52","date_gmt":"2022-12-14T10:16:52","guid":{"rendered":"https:\/\/dura-teak.com\/privacy-statement-eu\/"},"modified":"2022-12-14T11:16:52","modified_gmt":"2022-12-14T10:16:52","slug":"privacy-statement-eu","status":"publish","type":"page","link":"https:\/\/dura-teak.com\/pl\/privacy-statement-eu\/","title":{"rendered":"O\u015bwiadczenie o ochronie prywatno\u015bci (UE)"},"content":{"rendered":"<!-- Legal document generated by Complianz | GDPR\/CCPA Cookie Consent https:\/\/wordpress.org\/plugins\/complianz-gdpr -->\n<div id=\"cmplz-document\" class=\"cmplz-document privacy-statement cmplz-document-eu\"><p><i>This privacy statement was last updated on 14. grudzie\u0144 2022 and applies to citizens and legal permanent residents of the European Economic Area and Switzerland.<\/i><br><br><\/p><p><p>W niniejszym o\u015bwiadczeniu o ochronie prywatno\u015bci wyja\u015bniamy, co robimy z danymi, kt\u00f3re uzyskujemy o u\u017cytkowniku za po\u015brednictwem <a href=\"https:\/\/dura-teak.com\/pl\">https:\/\/dura-teak.com\/pl<\/a>. Zalecamy uwa\u017cne przeczytanie niniejszego o\u015bwiadczenia. Przetwarzaj\u0105c dane osobowe, przestrzegamy wymog\u00f3w przepis\u00f3w o ochronie prywatno\u015bci. Oznacza to mi\u0119dzy innymi, \u017ce:<\/p><ul>\n                <li>jasno okre\u015blamy cele, dla kt\u00f3rych przetwarzamy dane osobowe. Robimy to za pomoc\u0105 niniejszego o\u015bwiadczenia o ochronie prywatno\u015bci;<\/li>\n                <li>Naszym celem jest ograniczenie gromadzenia danych osobowych wy\u0142\u0105cznie do danych osobowych wymaganych do cel\u00f3w zgodnych z prawem;<\/li>\n                <li>w przypadkach wymagaj\u0105cych zgody, najpierw prosimy o wyra\u017an\u0105 zgod\u0119 u\u017cytkownika na przetwarzanie jego danych osobowych;<\/li>\n                <li>podejmujemy odpowiednie \u015brodki bezpiecze\u0144stwa w celu ochrony danych osobowych u\u017cytkownika, a tak\u017ce wymagamy tego od stron, kt\u00f3re przetwarzaj\u0105 dane osobowe w naszym imieniu;<\/li>\n                <li>szanujemy prawo u\u017cytkownika do dost\u0119pu do jego danych osobowych, ich poprawiania lub usuni\u0119cia na jego \u017c\u0105danie.<\/li>\n            <\/ul><p>W razie jakichkolwiek pyta\u0144 lub w celu uzyskania dok\u0142adnych informacji na temat przechowywanych przez nas danych, prosimy o kontakt.<\/p><\/p><h2>1. Cel, dane i okres przechowywania<\/h2>Mo\u017cemy gromadzi\u0107 lub otrzymywa\u0107 dane osobowe w wielu celach zwi\u0105zanych z nasz\u0105 dzia\u0142alno\u015bci\u0105 biznesow\u0105, kt\u00f3re mog\u0105 obejmowa\u0107 nast\u0119puj\u0105ce: (kliknij, aby rozwin\u0105\u0107)<details class=\"cmplz-dropdown dropdown-privacy-statement\"><summary><div><h3>1.1 Kontakt - za po\u015brednictwem telefonu, poczty, poczty elektronicznej i\/lub formularzy internetowych<\/h3><\/div><\/summary><p class=\"cmplz-subtitle\">W tym celu wykorzystujemy nast\u0119puj\u0105ce dane:<\/p><p><ul><li>Imi\u0119 i nazwisko<\/li><li>Adres e-mail<\/li><\/ul><\/p><p class=\"cmplz-subtitle\">Podstaw\u0105 przetwarzania tych danych jest:<\/p><p><a target=\"_blank\" rel=\"noopener noreferrer nofollow\" href=\"https:\/\/cookiedatabase.org\/legal-bases\/#consent\">Po wyra\u017ceniu zgody.<\/a><\/p><p class=\"cmplz-subtitle\">Okres przechowywania<\/p><p>Przechowujemy te dane do momentu zako\u0144czenia \u015bwiadczenia us\u0142ugi.<\/p><\/details><details class=\"cmplz-dropdown dropdown-privacy-statement\"><summary><div><h3>1.2 Aby m\u00f3c przestrzega\u0107 zobowi\u0105za\u0144 prawnych<\/h3><\/div><\/summary><p class=\"cmplz-subtitle\">W tym celu wykorzystujemy nast\u0119puj\u0105ce dane:<\/p><p><ul><li>Imi\u0119 i nazwisko<\/li><li>Adres e-mail<\/li><\/ul><\/p><p class=\"cmplz-subtitle\">Podstaw\u0105 przetwarzania tych danych jest:<\/p><p><a target=\"_blank\" rel=\"noopener noreferrer nofollow\" href=\"https:\/\/cookiedatabase.org\/legal-bases\/#consent\">Po wyra\u017ceniu zgody.<\/a><\/p><p class=\"cmplz-subtitle\">Okres przechowywania<\/p><p>Przechowujemy te dane do momentu zako\u0144czenia \u015bwiadczenia us\u0142ugi.<\/p><\/details><details class=\"cmplz-dropdown dropdown-privacy-statement\"><summary><div><h3>1.3 Kompilowanie i analizowanie statystyk w celu ulepszenia strony internetowej.<\/h3><\/div><\/summary><p class=\"cmplz-subtitle\">W tym celu wykorzystujemy nast\u0119puj\u0105ce dane:<\/p><p><ul><li>Adres IP<\/li><li>Informacje o aktywno\u015bci w Internecie, w tym mi\u0119dzy innymi historia przegl\u0105dania, historia wyszukiwania oraz informacje dotycz\u0105ce interakcji konsumenta ze stron\u0105 internetow\u0105, aplikacj\u0105 lub reklam\u0105.<\/li><li>Dane geolokalizacyjne<\/li><\/ul><\/p><p class=\"cmplz-subtitle\">Podstaw\u0105 przetwarzania tych danych jest:<\/p><p><a target=\"_blank\" rel=\"noopener noreferrer nofollow\" href=\"https:\/\/cookiedatabase.org\/legal-bases\/#consent\">Po wyra\u017ceniu zgody.<\/a><\/p><p class=\"cmplz-subtitle\">Okres przechowywania<\/p><p>Przechowujemy te dane do momentu zako\u0144czenia \u015bwiadczenia us\u0142ugi.<\/p><\/details><h2>2. Pliki cookie<\/h2><p>Nasza strona internetowa wykorzystuje pliki cookie. Wi\u0119cej informacji na temat plik\u00f3w cookie mo\u017cna znale\u017a\u0107 na stronie <a href=\"https:\/\/dura-teak.com\/pl\/cookie-policy-eu\/\">Polityka dotycz\u0105ca plik\u00f3w cookie<\/a>.&nbsp;<\/p><h2>3. Praktyki w zakresie ujawniania informacji<\/h2><p><p>Ujawniamy dane osobowe, je\u015bli wymaga tego od nas prawo lub nakaz s\u0105dowy, w odpowiedzi na wezwanie organ\u00f3w \u015bcigania, w zakresie dozwolonym przez inne przepisy prawa, w celu dostarczenia informacji lub w celu przeprowadzenia dochodzenia w sprawie zwi\u0105zanej z bezpiecze\u0144stwem publicznym.<\/p><p>Je\u015bli nasza witryna internetowa lub organizacja zostanie przej\u0119ta, sprzedana lub zaanga\u017cowana w fuzj\u0119 lub przej\u0119cie, dane u\u017cytkownika mog\u0105 zosta\u0107 ujawnione naszym doradcom i potencjalnym nabywcom oraz przekazane nowym w\u0142a\u015bcicielom.<\/p><\/p><p>Podawanie pe\u0142nych adres\u00f3w IP jest przez nas zablokowane.<\/p><h2>4. Bezpiecze\u0144stwo<\/h2><p>Dbamy o bezpiecze\u0144stwo danych osobowych. Podejmujemy odpowiednie \u015brodki bezpiecze\u0144stwa w celu ograniczenia nadu\u017cy\u0107 i nieuprawnionego dost\u0119pu do danych osobowych. Gwarantuje to, \u017ce tylko niezb\u0119dne osoby maj\u0105 dost\u0119p do danych u\u017cytkownika, \u017ce dost\u0119p do danych jest chroniony oraz \u017ce nasze \u015brodki bezpiecze\u0144stwa s\u0105 regularnie weryfikowane.<\/p><h2>5. Strony internetowe os\u00f3b trzecich<\/h2><p>Niniejsze o\u015bwiadczenie o ochronie prywatno\u015bci nie ma zastosowania do stron internetowych os\u00f3b trzecich, do kt\u00f3rych prowadz\u0105 \u0142\u0105cza na naszej stronie internetowej. Nie mo\u017cemy zagwarantowa\u0107, \u017ce te strony trzecie przetwarzaj\u0105 dane osobowe u\u017cytkownika w spos\u00f3b niezawodny lub bezpieczny. Zalecamy zapoznanie si\u0119 z o\u015bwiadczeniami o ochronie prywatno\u015bci tych witryn przed skorzystaniem z nich.<\/p><h2>6. Zmiany w niniejszym o\u015bwiadczeniu o ochronie prywatno\u015bci<\/h2><p>Zastrzegamy sobie prawo do wprowadzania zmian w niniejszym o\u015bwiadczeniu o ochronie prywatno\u015bci. Zaleca si\u0119 regularne zapoznawanie si\u0119 z niniejszym o\u015bwiadczeniem o ochronie prywatno\u015bci, aby by\u0107 \u015bwiadomym wszelkich zmian. Ponadto w miar\u0119 mo\u017cliwo\u015bci b\u0119dziemy aktywnie informowa\u0107 u\u017cytkownik\u00f3w.<\/p><h2>7. Uzyskiwanie dost\u0119pu i modyfikowanie danych<\/h2><p>Je\u015bli masz jakiekolwiek pytania lub chcesz dowiedzie\u0107 si\u0119, jakie dane osobowe posiadamy na Tw\u00f3j temat, skontaktuj si\u0119 z nami. Mo\u017cesz skontaktowa\u0107 si\u0119 z nami, korzystaj\u0105c z poni\u017cszych informacji. U\u017cytkownikowi przys\u0142uguj\u0105 nast\u0119puj\u0105ce prawa:<\/p><ul>\n                <li>U\u017cytkownik ma prawo wiedzie\u0107, dlaczego jego dane osobowe s\u0105 potrzebne, co si\u0119 z nimi stanie i jak d\u0142ugo b\u0119d\u0105 przechowywane.<\/li>\n                <li>Prawo dost\u0119pu: U\u017cytkownik ma prawo dost\u0119pu do swoich danych osobowych, kt\u00f3re s\u0105 nam znane.<\/li>\n                <li>Prawo do sprostowania: u\u017cytkownik ma prawo do uzupe\u0142nienia, poprawienia, usuni\u0119cia lub zablokowania swoich danych osobowych w dowolnym momencie.<\/li>\n                <li>Je\u015bli u\u017cytkownik wyrazi zgod\u0119 na przetwarzanie swoich danych, ma prawo do cofni\u0119cia tej zgody i usuni\u0119cia swoich danych osobowych.<\/li>\n                <li>Prawo do przenoszenia danych: u\u017cytkownik ma prawo za\u017c\u0105da\u0107 od administratora wszystkich swoich danych osobowych i przekaza\u0107 je w ca\u0142o\u015bci innemu administratorowi.<\/li>\n                <li>Prawo do sprzeciwu: u\u017cytkownik mo\u017ce sprzeciwi\u0107 si\u0119 przetwarzaniu jego danych. Przestrzegamy tego, chyba \u017ce istniej\u0105 uzasadnione podstawy do przetwarzania.<\/li>\n            <\/ul><p>Upewnij si\u0119, \u017ce zawsze wyra\u017anie okre\u015blasz, kim jeste\u015b, aby\u015bmy mieli pewno\u015b\u0107, \u017ce nie modyfikujemy ani nie usuwamy \u017cadnych danych niew\u0142a\u015bciwej osoby.<\/p><h2>8. Z\u0142o\u017cenie skargi<\/h2><p>Je\u015bli u\u017cytkownik nie jest zadowolony ze sposobu, w jaki przetwarzamy jego dane osobowe (skarga), ma prawo z\u0142o\u017cy\u0107 skarg\u0119 do Urz\u0119du Ochrony Danych Osobowych.<\/p><h2>9. Dane kontaktowe<\/h2><p>Shrinktech s.r.o.<br>\n        Hradn\u00e1 3, 945 01 Kom\u00e1rno<br>\n        S\u0142owacja<br>\n        Strona internetowa: <a href=\"https:\/\/dura-teak.com\/pl\">https:\/\/dura-teak.com\/pl<\/a> <br>\n        E-mail: <span class=\"cmplz-obfuscate\">moc&#046;kaet-arud&#x40;o&#102;ni<\/span> <br>\n        <\/p><\/div>","protected":false},"excerpt":{"rendered":"","protected":false},"author":1,"featured_media":0,"parent":0,"menu_order":0,"comment_status":"closed","ping_status":"closed","template":"","meta":{"footnotes":""},"class_list":["post-6871","page","type-page","status-publish","hentry"],"yoast_head":"<!-- This site is optimized with the Yoast SEO plugin v27.4 - https:\/\/yoast.com\/product\/yoast-seo-wordpress\/ -->\n<title>Privacy Statement (EU) - Dura Teak<\/title>\n<meta name=\"robots\" content=\"index, follow, max-snippet:-1, max-image-preview:large, max-video-preview:-1\" \/>\n<link rel=\"canonical\" href=\"https:\/\/dura-teak.com\/pl\/privacy-statement-eu\/\" \/>\n<meta property=\"og:locale\" content=\"pl_PL\" \/>\n<meta property=\"og:type\" content=\"article\" \/>\n<meta property=\"og:title\" content=\"Privacy Statement (EU) - Dura Teak\" \/>\n<meta property=\"og:url\" content=\"https:\/\/dura-teak.com\/pl\/privacy-statement-eu\/\" \/>\n<meta property=\"og:site_name\" content=\"Dura Teak\" \/>\n<meta name=\"twitter:card\" content=\"summary_large_image\" \/>\n<script type=\"application\/ld+json\" class=\"yoast-schema-graph\">{\"@context\":\"https:\\\/\\\/schema.org\",\"@graph\":[{\"@type\":\"WebPage\",\"@id\":\"https:\\\/\\\/dura-teak.com\\\/privacy-statement-eu\\\/\",\"url\":\"https:\\\/\\\/dura-teak.com\\\/privacy-statement-eu\\\/\",\"name\":\"Privacy Statement (EU) - Dura Teak\",\"isPartOf\":{\"@id\":\"https:\\\/\\\/dura-teak.com\\\/#website\"},\"datePublished\":\"2022-12-14T10:16:52+00:00\",\"breadcrumb\":{\"@id\":\"https:\\\/\\\/dura-teak.com\\\/privacy-statement-eu\\\/#breadcrumb\"},\"inLanguage\":\"pl-PL\",\"potentialAction\":[{\"@type\":\"ReadAction\",\"target\":[\"https:\\\/\\\/dura-teak.com\\\/privacy-statement-eu\\\/\"]}]},{\"@type\":\"BreadcrumbList\",\"@id\":\"https:\\\/\\\/dura-teak.com\\\/privacy-statement-eu\\\/#breadcrumb\",\"itemListElement\":[{\"@type\":\"ListItem\",\"position\":1,\"name\":\"Home\",\"item\":\"https:\\\/\\\/dura-teak.com\\\/\"},{\"@type\":\"ListItem\",\"position\":2,\"name\":\"Privacy Statement (EU)\"}]},{\"@type\":\"WebSite\",\"@id\":\"https:\\\/\\\/dura-teak.com\\\/#website\",\"url\":\"https:\\\/\\\/dura-teak.com\\\/\",\"name\":\"Dura Teak\",\"description\":\"MOST AUTHENTIC TEAK ALTERNATIVE\",\"publisher\":{\"@id\":\"https:\\\/\\\/dura-teak.com\\\/#organization\"},\"potentialAction\":[{\"@type\":\"SearchAction\",\"target\":{\"@type\":\"EntryPoint\",\"urlTemplate\":\"https:\\\/\\\/dura-teak.com\\\/?s={search_term_string}\"},\"query-input\":{\"@type\":\"PropertyValueSpecification\",\"valueRequired\":true,\"valueName\":\"search_term_string\"}}],\"inLanguage\":\"pl-PL\"},{\"@type\":\"Organization\",\"@id\":\"https:\\\/\\\/dura-teak.com\\\/#organization\",\"name\":\"Dura Teak\",\"url\":\"https:\\\/\\\/dura-teak.com\\\/\",\"logo\":{\"@type\":\"ImageObject\",\"inLanguage\":\"pl-PL\",\"@id\":\"https:\\\/\\\/dura-teak.com\\\/#\\\/schema\\\/logo\\\/image\\\/\",\"url\":\"https:\\\/\\\/dura-teak.com\\\/wp-content\\\/uploads\\\/2022\\\/07\\\/logo-dura-teak_400.png\",\"contentUrl\":\"https:\\\/\\\/dura-teak.com\\\/wp-content\\\/uploads\\\/2022\\\/07\\\/logo-dura-teak_400.png\",\"width\":400,\"height\":231,\"caption\":\"Dura Teak\"},\"image\":{\"@id\":\"https:\\\/\\\/dura-teak.com\\\/#\\\/schema\\\/logo\\\/image\\\/\"},\"sameAs\":[\"https:\\\/\\\/www.linkedin.com\\\/company\\\/durateak\"]}]}<\/script>\n<!-- \/ Yoast SEO plugin. -->","yoast_head_json":{"title":"Privacy Statement (EU) - Dura Teak","robots":{"index":"index","follow":"follow","max-snippet":"max-snippet:-1","max-image-preview":"max-image-preview:large","max-video-preview":"max-video-preview:-1"},"canonical":"https:\/\/dura-teak.com\/pl\/privacy-statement-eu\/","og_locale":"pl_PL","og_type":"article","og_title":"Privacy Statement (EU) - Dura Teak","og_url":"https:\/\/dura-teak.com\/pl\/privacy-statement-eu\/","og_site_name":"Dura Teak","twitter_card":"summary_large_image","schema":{"@context":"https:\/\/schema.org","@graph":[{"@type":"WebPage","@id":"https:\/\/dura-teak.com\/privacy-statement-eu\/","url":"https:\/\/dura-teak.com\/privacy-statement-eu\/","name":"Privacy Statement (EU) - Dura Teak","isPartOf":{"@id":"https:\/\/dura-teak.com\/#website"},"datePublished":"2022-12-14T10:16:52+00:00","breadcrumb":{"@id":"https:\/\/dura-teak.com\/privacy-statement-eu\/#breadcrumb"},"inLanguage":"pl-PL","potentialAction":[{"@type":"ReadAction","target":["https:\/\/dura-teak.com\/privacy-statement-eu\/"]}]},{"@type":"BreadcrumbList","@id":"https:\/\/dura-teak.com\/privacy-statement-eu\/#breadcrumb","itemListElement":[{"@type":"ListItem","position":1,"name":"Home","item":"https:\/\/dura-teak.com\/"},{"@type":"ListItem","position":2,"name":"Privacy Statement (EU)"}]},{"@type":"WebSite","@id":"https:\/\/dura-teak.com\/#website","url":"https:\/\/dura-teak.com\/","name":"Dura Teak","description":"NAJBARDZIEJ AUTENTYCZNA ALTERNATYWA DLA DREWNA TEKOWEGO","publisher":{"@id":"https:\/\/dura-teak.com\/#organization"},"potentialAction":[{"@type":"SearchAction","target":{"@type":"EntryPoint","urlTemplate":"https:\/\/dura-teak.com\/?s={search_term_string}"},"query-input":{"@type":"PropertyValueSpecification","valueRequired":true,"valueName":"search_term_string"}}],"inLanguage":"pl-PL"},{"@type":"Organization","@id":"https:\/\/dura-teak.com\/#organization","name":"Dura Teak","url":"https:\/\/dura-teak.com\/","logo":{"@type":"ImageObject","inLanguage":"pl-PL","@id":"https:\/\/dura-teak.com\/#\/schema\/logo\/image\/","url":"https:\/\/dura-teak.com\/wp-content\/uploads\/2022\/07\/logo-dura-teak_400.png","contentUrl":"https:\/\/dura-teak.com\/wp-content\/uploads\/2022\/07\/logo-dura-teak_400.png","width":400,"height":231,"caption":"Dura Teak"},"image":{"@id":"https:\/\/dura-teak.com\/#\/schema\/logo\/image\/"},"sameAs":["https:\/\/www.linkedin.com\/company\/durateak"]}]}},"_links":{"self":[{"href":"https:\/\/dura-teak.com\/pl\/wp-json\/wp\/v2\/pages\/6871","targetHints":{"allow":["GET"]}}],"collection":[{"href":"https:\/\/dura-teak.com\/pl\/wp-json\/wp\/v2\/pages"}],"about":[{"href":"https:\/\/dura-teak.com\/pl\/wp-json\/wp\/v2\/types\/page"}],"author":[{"embeddable":true,"href":"https:\/\/dura-teak.com\/pl\/wp-json\/wp\/v2\/users\/1"}],"replies":[{"embeddable":true,"href":"https:\/\/dura-teak.com\/pl\/wp-json\/wp\/v2\/comments?post=6871"}],"version-history":[{"count":0,"href":"https:\/\/dura-teak.com\/pl\/wp-json\/wp\/v2\/pages\/6871\/revisions"}],"wp:attachment":[{"href":"https:\/\/dura-teak.com\/pl\/wp-json\/wp\/v2\/media?parent=6871"}],"curies":[{"name":"wp","href":"https:\/\/api.w.org\/{rel}","templated":true}]}}